{"id":1370,"date":"2020-01-02T09:28:08","date_gmt":"2020-01-02T09:28:08","guid":{"rendered":"http:\/\/wpdemo.archiwp.com\/engitech\/?page_id=1370"},"modified":"2025-12-10T01:15:55","modified_gmt":"2025-12-09T22:15:55","slug":"iletisim","status":"publish","type":"page","link":"https:\/\/yeminliceviri.tr\/index.php\/iletisim\/","title":{"rendered":"\u0130leti\u015fim"},"content":{"rendered":"\t\t<div data-elementor-type=\"wp-page\" data-elementor-id=\"1370\" class=\"elementor elementor-1370\">\n\t\t\t\t\t\t<section class=\"elementor-section elementor-top-section elementor-element elementor-element-490095e3 elementor-section-content-middle ot-traditional elementor-section-boxed elementor-section-height-default elementor-section-height-default\" data-id=\"490095e3\" data-element_type=\"section\">\n\t\t\t\t\t\t<div class=\"elementor-container elementor-column-gap-extended\">\n\t\t\t\t\t<div class=\"elementor-column elementor-col-50 elementor-top-column elementor-element elementor-element-771761a4 ot-flex-column-vertical\" data-id=\"771761a4\" data-element_type=\"column\">\n\t\t\t<div class=\"elementor-widget-wrap elementor-element-populated\">\n\t\t\t\t\t\t<div class=\"elementor-element elementor-element-5c6b8a4c elementor-widget elementor-widget-iheading\" data-id=\"5c6b8a4c\" data-element_type=\"widget\" data-widget_type=\"iheading.default\">\n\t\t\t\t<div class=\"elementor-widget-container\">\n\t\t\t\t\t\t\t<div class=\"ot-heading\">\r\n\t        \t            <span>\/\/ YEM\u0130NL\u0130 \u00c7EV\u0130R\u0130 H\u0130ZMETLER\u0130<\/span>\r\n\t        <h2 class=\"main-heading\">\u0130leti\u015fim | \u0130rtibat<\/h2>\t    <\/div>\r\n\t    \t\t\t\t<\/div>\n\t\t\t\t<\/div>\n\t\t\t\t<div class=\"elementor-element elementor-element-4c19eac8 elementor-widget elementor-widget-text-editor\" data-id=\"4c19eac8\" data-element_type=\"widget\" data-widget_type=\"text-editor.default\">\n\t\t\t\t\t\t\t\t\t<p>\u0130leti\u015fim bilgilerimizden bizlere kolayl\u0131kla eri\u015febilirsiniz.<\/p>\t\t\t\t\t\t\t\t<\/div>\n\t\t\t\t<div class=\"elementor-element elementor-element-59598a2c elementor-widget elementor-widget-icontact_info\" data-id=\"59598a2c\" data-element_type=\"widget\" data-widget_type=\"icontact_info.default\">\n\t\t\t\t<div class=\"elementor-widget-container\">\n\t\t\t\t\t\t\t\t\t\t    \t<div class=\"contact-info box-style1\">\r\n\t\t\t\t\t\t\t\t    <img decoding=\"async\" src=\"https:\/\/yeminliceviri.tr\/wp-content\/uploads\/2025\/12\/map.png\" alt=\"Bursa\">\t\t        \t\t\t        <div class=\"info-text\">\r\n\t\t\t        \t<h6>Bursa<\/h6>\r\n\t\t\t        \t<p>Adres: Bar\u0131\u015f Mahallesi \u0130kbal Sok. \u015eim\u015fek Sitesi A Blok No:1 Nil\u00fcfer\/Bursa<br>\nTel : +90 541 246 04 64<br>\nEmail: info@yeminliceviri.tr\n<\/p>\r\n\t\t\t        <\/div>\r\n\t\t\t    <\/div>\r\n\t\t    \t    \t\t\t\t<\/div>\n\t\t\t\t<\/div>\n\t\t\t\t<div class=\"elementor-element elementor-element-370374d elementor-widget elementor-widget-icontact_info\" data-id=\"370374d\" data-element_type=\"widget\" data-widget_type=\"icontact_info.default\">\n\t\t\t\t<div class=\"elementor-widget-container\">\n\t\t\t\t\t\t\t\t\t\t    \t<div class=\"contact-info box-style1\">\r\n\t\t\t\t\t\t\t\t    <img decoding=\"async\" src=\"https:\/\/yeminliceviri.tr\/wp-content\/uploads\/2025\/12\/map.png\" alt=\"\u0130ngiltere\">\t\t        \t\t\t        <div class=\"info-text\">\r\n\t\t\t        \t<h6>\u0130ngiltere<\/h6>\r\n\t\t\t        \t<p>Adres:  57 QUEENS GATE, London, United Kingdom  SW7 5JW<br>\nTel : +44 7597 252538<br>\nEmail: uk@yeminliceviri.tr\n<\/p>\r\n\t\t\t        <\/div>\r\n\t\t\t    <\/div>\r\n\t\t    \t    \t\t\t\t<\/div>\n\t\t\t\t<\/div>\n\t\t\t\t<div class=\"elementor-element elementor-element-28ff782f elementor-widget elementor-widget-icontact_info\" data-id=\"28ff782f\" data-element_type=\"widget\" data-widget_type=\"icontact_info.default\">\n\t\t\t\t<div class=\"elementor-widget-container\">\n\t\t\t\t\t\t\t\t\t\t    \t<div class=\"contact-info box-style1\">\r\n\t\t\t\t\t\t\t\t    <img decoding=\"async\" src=\"https:\/\/yeminliceviri.tr\/wp-content\/uploads\/2025\/12\/map.png\" alt=\"Almanya\">\t\t        \t\t\t        <div class=\"info-text\">\r\n\t\t\t        \t<h6>Almanya<\/h6>\r\n\t\t\t        \t<p>Adres: Renteistra\u00dfe 6-8 \/ 33602 Bielefeld \/ Deutschland<br>\nTel : +49 1521 238 90 24<br>\nEmail: almanya@yeminliceviri.tr\n<\/p>\r\n\t\t\t        <\/div>\r\n\t\t\t    <\/div>\r\n\t\t    \t    \t\t\t\t<\/div>\n\t\t\t\t<\/div>\n\t\t\t\t<div class=\"elementor-element elementor-element-6c1edda elementor-widget elementor-widget-icontact_info\" data-id=\"6c1edda\" data-element_type=\"widget\" data-widget_type=\"icontact_info.default\">\n\t\t\t\t<div class=\"elementor-widget-container\">\n\t\t\t\t\t\t\t\t\t\t    \t<div class=\"contact-info box-style1\">\r\n\t\t\t\t\t\t\t\t    <img decoding=\"async\" src=\"https:\/\/yeminliceviri.tr\/wp-content\/uploads\/2025\/12\/map.png\" alt=\"\u0130talya\">\t\t        \t\t\t        <div class=\"info-text\">\r\n\t\t\t        \t<h6>\u0130talya<\/h6>\r\n\t\t\t        \t<p>Adres: Via Paolo Paruta, 50 Padova (PD) 35126 Italia<br>\nTel : +39 347 483 23 45<br>\nEmail: italya@yeminliceviri.tr\n<\/p>\r\n\t\t\t        <\/div>\r\n\t\t\t    <\/div>\r\n\t\t    \t    \t\t\t\t<\/div>\n\t\t\t\t<\/div>\n\t\t\t\t<div class=\"elementor-element elementor-element-3b9ab367 elementor-widget elementor-widget-icontact_info\" data-id=\"3b9ab367\" data-element_type=\"widget\" data-widget_type=\"icontact_info.default\">\n\t\t\t\t<div class=\"elementor-widget-container\">\n\t\t\t\t\t\t\t\t\t\t    \t<div class=\"contact-info box-style1\">\r\n\t\t\t\t\t\t\t\t    <img decoding=\"async\" src=\"https:\/\/yeminliceviri.tr\/wp-content\/uploads\/2025\/12\/map.png\" alt=\"Prag\">\t\t        \t\t\t        <div class=\"info-text\">\r\n\t\t\t        \t<h6>Prag<\/h6>\r\n\t\t\t        \t<p>Adres: Prague, Na Po\u0159\u00ed\u010d\u00ed 1067\/25, 110 00 Praha 1-Nov\u00e9 M\u011bsto Czech Rebublic<br>\nTel : +420 777 455 855<br>\nEmail: prag@yeminliceviri.tr\n<\/p>\r\n\t\t\t        <\/div>\r\n\t\t\t    <\/div>\r\n\t\t    \t    \t\t\t\t<\/div>\n\t\t\t\t<\/div>\n\t\t\t\t\t<\/div>\n\t\t<\/div>\n\t\t\t\t<div class=\"elementor-column elementor-col-50 elementor-top-column elementor-element elementor-element-12c0c558 ot-flex-column-vertical\" data-id=\"12c0c558\" data-element_type=\"column\">\n\t\t\t<div class=\"elementor-widget-wrap elementor-element-populated\">\n\t\t\t\t\t\t<div class=\"elementor-element elementor-element-6eba55c5 elementor-widget elementor-widget-shortcode\" data-id=\"6eba55c5\" data-element_type=\"widget\" data-widget_type=\"shortcode.default\">\n\t\t\t\t\t\t\t<div class=\"elementor-shortcode\">\n<div class=\"wpcf7 no-js\" id=\"wpcf7-f1379-o1\" lang=\"en-US\" dir=\"ltr\" data-wpcf7-id=\"1379\">\n<div class=\"screen-reader-response\"><p role=\"status\" aria-live=\"polite\" aria-atomic=\"true\"><\/p> <ul><\/ul><\/div>\n<form action=\"\/index.php\/wp-json\/wp\/v2\/pages\/1370#wpcf7-f1379-o1\" method=\"post\" class=\"wpcf7-form init\" aria-label=\"Contact form\" novalidate=\"novalidate\" data-status=\"init\">\n<fieldset class=\"hidden-fields-container\"><input type=\"hidden\" name=\"_wpcf7\" value=\"1379\" \/><input type=\"hidden\" name=\"_wpcf7_version\" value=\"6.1.4\" \/><input type=\"hidden\" name=\"_wpcf7_locale\" value=\"en_US\" \/><input type=\"hidden\" name=\"_wpcf7_unit_tag\" value=\"wpcf7-f1379-o1\" \/><input type=\"hidden\" name=\"_wpcf7_container_post\" value=\"0\" \/><input type=\"hidden\" name=\"_wpcf7_posted_data_hash\" value=\"\" \/>\n<\/fieldset>\n<div class=\"main-form\">\n\t<h2>Ready to Get Started?\n\t<\/h2>\n\t<p class=\"font14\">Your email address will not be published. Required fields are marked *\n\t<\/p>\n\t<p><span class=\"wpcf7-form-control-wrap\" data-name=\"your-name\"><input size=\"40\" maxlength=\"400\" class=\"wpcf7-form-control wpcf7-text wpcf7-validates-as-required\" aria-required=\"true\" aria-invalid=\"false\" placeholder=\"Your Name *\" value=\"\" type=\"text\" name=\"your-name\" \/><\/span>\n\t<\/p>\n\t<p><span class=\"wpcf7-form-control-wrap\" data-name=\"your-email\"><input size=\"40\" maxlength=\"400\" class=\"wpcf7-form-control wpcf7-email wpcf7-validates-as-required wpcf7-text wpcf7-validates-as-email\" aria-required=\"true\" aria-invalid=\"false\" placeholder=\"Your Email *\" value=\"\" type=\"email\" name=\"your-email\" \/><\/span>\n\t<\/p>\n\t<p><span class=\"wpcf7-form-control-wrap\" data-name=\"your-message\"><textarea cols=\"40\" rows=\"10\" maxlength=\"2000\" class=\"wpcf7-form-control wpcf7-textarea\" aria-invalid=\"false\" placeholder=\"Message...\" name=\"your-message\"><\/textarea><\/span>\n\t<\/p>\n\t<p><button type=\"submit\" class=\"octf-btn octf-btn-light\">Send Message<\/button>\n\t<\/p>\n<\/div><div class=\"wpcf7-response-output\" aria-hidden=\"true\"><\/div>\n<\/form>\n<\/div>\n<\/div>\n\t\t\t\t\t\t<\/div>\n\t\t\t\t\t<\/div>\n\t\t<\/div>\n\t\t\t\t\t<\/div>\n\t\t<\/section>\n\t\t\t\t<\/div>\n\t\t","protected":false},"excerpt":{"rendered":"<p>\/\/ contact details Contact us Give us a call or drop by anytime, we endeavour to answer all enquiries within 24 hours on business days. We will be happy to answer your questions. Our Address: 411 University St, Seattle, USA Our Mailbox: engitech@oceanthemes.net Our Phone: +1 -800-456-478-23<\/p>\n","protected":false},"author":1,"featured_media":0,"parent":0,"menu_order":0,"comment_status":"closed","ping_status":"closed","template":"","meta":{"footnotes":""},"class_list":["post-1370","page","type-page","status-publish","hentry"],"_links":{"self":[{"href":"https:\/\/yeminliceviri.tr\/index.php\/wp-json\/wp\/v2\/pages\/1370","targetHints":{"allow":["GET"]}}],"collection":[{"href":"https:\/\/yeminliceviri.tr\/index.php\/wp-json\/wp\/v2\/pages"}],"about":[{"href":"https:\/\/yeminliceviri.tr\/index.php\/wp-json\/wp\/v2\/types\/page"}],"author":[{"embeddable":true,"href":"https:\/\/yeminliceviri.tr\/index.php\/wp-json\/wp\/v2\/users\/1"}],"replies":[{"embeddable":true,"href":"https:\/\/yeminliceviri.tr\/index.php\/wp-json\/wp\/v2\/comments?post=1370"}],"version-history":[{"count":17,"href":"https:\/\/yeminliceviri.tr\/index.php\/wp-json\/wp\/v2\/pages\/1370\/revisions"}],"predecessor-version":[{"id":5282,"href":"https:\/\/yeminliceviri.tr\/index.php\/wp-json\/wp\/v2\/pages\/1370\/revisions\/5282"}],"wp:attachment":[{"href":"https:\/\/yeminliceviri.tr\/index.php\/wp-json\/wp\/v2\/media?parent=1370"}],"curies":[{"name":"wp","href":"https:\/\/api.w.org\/{rel}","templated":true}]}}