{"id":5221,"date":"2025-12-10T00:37:48","date_gmt":"2025-12-09T21:37:48","guid":{"rendered":"https:\/\/yeminliceviri.tr\/?page_id=5221"},"modified":"2025-12-10T00:42:28","modified_gmt":"2025-12-09T21:42:28","slug":"klc-yeminli-ceviri","status":"publish","type":"page","link":"https:\/\/yeminliceviri.tr\/index.php\/klc-yeminli-ceviri\/","title":{"rendered":"KLC  | Yeminli \u00c7eviri"},"content":{"rendered":"\t\t<div data-elementor-type=\"wp-page\" data-elementor-id=\"5221\" class=\"elementor elementor-5221\">\n\t\t\t\t\t\t<section class=\"elementor-section elementor-top-section elementor-element elementor-element-6590f336 elementor-section-content-middle ot-traditional elementor-section-boxed elementor-section-height-default elementor-section-height-default\" data-id=\"6590f336\" data-element_type=\"section\" data-settings=\"{&quot;background_background&quot;:&quot;classic&quot;}\">\n\t\t\t\t\t\t<div class=\"elementor-container elementor-column-gap-extended\">\n\t\t\t\t\t<div class=\"elementor-column elementor-col-50 elementor-top-column elementor-element elementor-element-2f48b424 ot-flex-column-vertical\" data-id=\"2f48b424\" data-element_type=\"column\">\n\t\t\t<div class=\"elementor-widget-wrap elementor-element-populated\">\n\t\t\t\t\t\t<div class=\"elementor-element elementor-element-480016f5 elementor-widget elementor-widget-iheading\" data-id=\"480016f5\" data-element_type=\"widget\" data-widget_type=\"iheading.default\">\n\t\t\t\t<div class=\"elementor-widget-container\">\n\t\t\t\t\t\t\t<div class=\"ot-heading\">\r\n\t        \t            <span>\/\/ HAKKIMIZDA<\/span>\r\n\t        <h2 class=\"main-heading\">KLC Education Co. Ltd. | Hakk\u0131m\u0131zda<\/h2>\t    <\/div>\r\n\t    \t\t\t\t<\/div>\n\t\t\t\t<\/div>\n\t\t\t\t<div class=\"elementor-element elementor-element-71780799 elementor-widget elementor-widget-text-editor\" data-id=\"71780799\" data-element_type=\"widget\" data-widget_type=\"text-editor.default\">\n\t\t\t\t\t\t\t\t\t<p data-start=\"152\" data-end=\"505\"><strong data-start=\"152\" data-end=\"180\">KLC Translation Services<\/strong>, 2013 y\u0131l\u0131ndan bu yana profesyonel \u00e7eviri ve uluslararas\u0131 terc\u00fcme hizmetleri alan\u0131nda faaliyet g\u00f6stermektedir. T\u00fcrkiye ve Avrupa\u2019daki \u00e7\u00f6z\u00fcm ortaklar\u0131m\u0131zla birlikte, bireylere ve kurumlara d\u00fcnya standartlar\u0131nda <strong data-start=\"391\" data-end=\"481\">yeminli terc\u00fcme, noter onayl\u0131 terc\u00fcme, akademik \u00e7eviri, teknik \u00e7eviri ve online \u00e7eviri<\/strong> hizmetleri sunuyoruz.<\/p><p data-start=\"507\" data-end=\"711\">Uzman terc\u00fcman kadromuz; hukuki, t\u0131bbi, teknik ve akademik t\u00fcm metinlerde do\u011fru terminoloji, gizlilik ve y\u00fcksek profesyonellik ilkeleriyle \u00e7al\u0131\u015farak m\u00fc\u015fterilerimize g\u00fcvenilir bir \u00e7eviri deneyimi sa\u011flar.<\/p><p data-start=\"713\" data-end=\"861\">Her belgenin ayr\u0131 bir uzmanl\u0131k gerektirdi\u011fini bilerek, ihtiya\u00e7lar\u0131n\u0131za en uygun \u00e7eviri s\u00fcrecini planl\u0131yor ve t\u00fcm a\u015famalar\u0131 titizlikle y\u00f6netiyoruz.<\/p><p data-start=\"863\" data-end=\"972\"><strong data-start=\"863\" data-end=\"972\">Amac\u0131m\u0131z, birey ve kurumlar\u0131n global ileti\u015fimde g\u00fc\u00e7l\u00fc ve do\u011fru bir \u015fekilde temsil edilmesini sa\u011flamakt\u0131r.<\/strong><\/p>\t\t\t\t\t\t\t\t<\/div>\n\t\t\t\t\t<\/div>\n\t\t<\/div>\n\t\t\t\t<div class=\"elementor-column elementor-col-50 elementor-top-column elementor-element elementor-element-5f9452e0 ot-flex-column-vertical\" data-id=\"5f9452e0\" data-element_type=\"column\">\n\t\t\t<div class=\"elementor-widget-wrap elementor-element-populated\">\n\t\t\t\t\t\t<section class=\"elementor-section elementor-inner-section elementor-element elementor-element-2a04a72 elementor-section-full_width ot-layout_block elementor-section-height-default elementor-section-height-default\" data-id=\"2a04a72\" data-element_type=\"section\">\n\t\t\t\t\t\t<div class=\"elementor-container elementor-column-gap-extended\">\n\t\t\t\t\t<div class=\"elementor-column elementor-col-100 elementor-inner-column elementor-element elementor-element-111136d4 ot-flex-column-vertical\" data-id=\"111136d4\" data-element_type=\"column\">\n\t\t\t<div class=\"elementor-widget-wrap elementor-element-populated\">\n\t\t\t\t\t\t<div class=\"elementor-element elementor-element-77e3e064 elementor-widget elementor-widget-image\" data-id=\"77e3e064\" data-element_type=\"widget\" data-widget_type=\"image.default\">\n\t\t\t\t\t\t\t\t\t\t\t\t\t\t\t<img fetchpriority=\"high\" decoding=\"async\" width=\"570\" height=\"540\" src=\"https:\/\/yeminliceviri.tr\/wp-content\/uploads\/2025\/12\/ab1.png\" class=\"attachment-full size-full wp-image-5229\" alt=\"\" srcset=\"https:\/\/yeminliceviri.tr\/wp-content\/uploads\/2025\/12\/ab1.png 570w, https:\/\/yeminliceviri.tr\/wp-content\/uploads\/2025\/12\/ab1-300x284.png 300w\" sizes=\"(max-width: 570px) 100vw, 570px\" \/>\t\t\t\t\t\t\t\t\t\t\t\t\t\t\t<\/div>\n\t\t\t\t\t<\/div>\n\t\t<\/div>\n\t\t\t\t\t<\/div>\n\t\t<\/section>\n\t\t\t\t\t<\/div>\n\t\t<\/div>\n\t\t\t\t\t<\/div>\n\t\t<\/section>\n\t\t\t\t<\/div>\n\t\t","protected":false},"excerpt":{"rendered":"<p>\/\/ HAKKIMIZDA KLC Education Co. Ltd. | Hakk\u0131m\u0131zda KLC Translation Services, 2013 y\u0131l\u0131ndan bu yana profesyonel \u00e7eviri ve uluslararas\u0131 terc\u00fcme hizmetleri alan\u0131nda faaliyet g\u00f6stermektedir. T\u00fcrkiye ve Avrupa\u2019daki \u00e7\u00f6z\u00fcm ortaklar\u0131m\u0131zla birlikte, bireylere ve kurumlara d\u00fcnya standartlar\u0131nda yeminli terc\u00fcme, noter onayl\u0131 terc\u00fcme, akademik \u00e7eviri, teknik \u00e7eviri ve online \u00e7eviri hizmetleri sunuyoruz. Uzman terc\u00fcman kadromuz; hukuki, t\u0131bbi, teknik [&hellip;]<\/p>\n","protected":false},"author":1,"featured_media":0,"parent":0,"menu_order":0,"comment_status":"closed","ping_status":"closed","template":"","meta":{"footnotes":""},"class_list":["post-5221","page","type-page","status-publish","hentry"],"_links":{"self":[{"href":"https:\/\/yeminliceviri.tr\/index.php\/wp-json\/wp\/v2\/pages\/5221","targetHints":{"allow":["GET"]}}],"collection":[{"href":"https:\/\/yeminliceviri.tr\/index.php\/wp-json\/wp\/v2\/pages"}],"about":[{"href":"https:\/\/yeminliceviri.tr\/index.php\/wp-json\/wp\/v2\/types\/page"}],"author":[{"embeddable":true,"href":"https:\/\/yeminliceviri.tr\/index.php\/wp-json\/wp\/v2\/users\/1"}],"replies":[{"embeddable":true,"href":"https:\/\/yeminliceviri.tr\/index.php\/wp-json\/wp\/v2\/comments?post=5221"}],"version-history":[{"count":7,"href":"https:\/\/yeminliceviri.tr\/index.php\/wp-json\/wp\/v2\/pages\/5221\/revisions"}],"predecessor-version":[{"id":5232,"href":"https:\/\/yeminliceviri.tr\/index.php\/wp-json\/wp\/v2\/pages\/5221\/revisions\/5232"}],"wp:attachment":[{"href":"https:\/\/yeminliceviri.tr\/index.php\/wp-json\/wp\/v2\/media?parent=5221"}],"curies":[{"name":"wp","href":"https:\/\/api.w.org\/{rel}","templated":true}]}}