{"id":5247,"date":"2025-12-10T01:02:31","date_gmt":"2025-12-09T22:02:31","guid":{"rendered":"https:\/\/yeminliceviri.tr\/?page_id=5247"},"modified":"2025-12-10T01:03:37","modified_gmt":"2025-12-09T22:03:37","slug":"hukuki-tercume","status":"publish","type":"page","link":"https:\/\/yeminliceviri.tr\/index.php\/hukuki-tercume\/","title":{"rendered":"Hukuki Terc\u00fcme"},"content":{"rendered":"\t\t<div data-elementor-type=\"wp-page\" data-elementor-id=\"5247\" class=\"elementor elementor-5247\">\n\t\t\t\t\t\t<section class=\"elementor-section elementor-top-section elementor-element elementor-element-6440edc0 ot-traditional elementor-section-boxed elementor-section-height-default elementor-section-height-default\" data-id=\"6440edc0\" data-element_type=\"section\">\n\t\t\t\t\t\t<div class=\"elementor-container elementor-column-gap-no\">\n\t\t\t\t\t<div class=\"elementor-column elementor-col-100 elementor-top-column elementor-element elementor-element-5c3ff37d ot-flex-column-vertical\" data-id=\"5c3ff37d\" data-element_type=\"column\">\n\t\t\t<div class=\"elementor-widget-wrap elementor-element-populated\">\n\t\t\t\t\t\t<div class=\"elementor-element elementor-element-4e86bef elementor-widget elementor-widget-iheading\" data-id=\"4e86bef\" data-element_type=\"widget\" data-widget_type=\"iheading.default\">\n\t\t\t\t<div class=\"elementor-widget-container\">\n\t\t\t\t\t\t\t<div class=\"ot-heading\">\r\n\t        \t            <span>\/\/ H\u0130ZMETLER\u0130M\u0130Z<\/span>\r\n\t        <h2 class=\"main-heading\">Hukuki Terc\u00fcme<\/h2>\t    <\/div>\r\n\t    \t\t\t\t<\/div>\n\t\t\t\t<\/div>\n\t\t\t\t<div class=\"elementor-element elementor-element-5001373a elementor-widget elementor-widget-text-editor\" data-id=\"5001373a\" data-element_type=\"widget\" data-widget_type=\"text-editor.default\">\n\t\t\t\t\t\t\t\t\t<p data-start=\"187\" data-end=\"520\">KLC Translation Services olarak, hukuki belgelerin y\u00fcksek hassasiyet gerektirdi\u011finin bilinciyle <strong data-start=\"283\" data-end=\"311\">hukuki terc\u00fcme hizmetini<\/strong> uzman ve deneyimli hukuk \u00e7evirmenlerimizle sunuyoruz. Bursa merkezli firmam\u0131z, T\u00fcrkiye\u2019nin her yerine \u00e7evrimi\u00e7i ve fiziki teslim se\u00e7enekleriyle h\u0131zl\u0131, g\u00fcvenilir ve profesyonel terc\u00fcme deste\u011fi sa\u011flamaktad\u0131r.<\/p><p data-start=\"522\" data-end=\"971\">Hukuki terc\u00fcme, terminolojinin en do\u011fru \u015fekilde uygulanmas\u0131 ve belgenin resm\u00ee b\u00fct\u00fcnl\u00fc\u011f\u00fcn\u00fcn korunmas\u0131 gereken \u00f6zel bir aland\u0131r. Bu kapsamda s\u00f6zle\u015fmeler, mahkeme evraklar\u0131, dilek\u00e7eler, protokoller, \u015firket belgeleri, vekaletnameler, y\u00f6netmelikler, bilirki\u015fi raporlar\u0131 ve daha bir\u00e7ok hukuki dok\u00fcman uzman ekibimiz taraf\u0131ndan titizlikle \u00e7evrilir. Her \u00e7eviri, hatas\u0131z terminoloji, tutarl\u0131l\u0131k ve yasal uygunluk a\u00e7\u0131s\u0131ndan \u00f6zel kontrol s\u00fcre\u00e7lerinden ge\u00e7er.<\/p><p data-start=\"973\" data-end=\"1261\">Gizlilik, do\u011fruluk ve profesyonellik ilkelerine ba\u011fl\u0131 kalarak t\u00fcm belgelerinizi g\u00fcvenli bir \u015fekilde i\u015fliyor; \u00e7eviri s\u00fcrecini en do\u011fru y\u00f6ntemlerle y\u00f6netiyoruz. \u00c7evirisi tamamlanan belgeleriniz, talep do\u011frultusunda yeminli imzal\u0131, noter onayl\u0131 veya dijital teslim olarak size ula\u015ft\u0131r\u0131l\u0131r.<\/p><p data-start=\"1263\" data-end=\"1515\">T\u00fcrkiye\u2019nin neresinde olursan\u0131z olun, belgelerinizi online olarak iletebilir ve t\u00fcm s\u00fcreci bulundu\u011funuz yerden rahatl\u0131kla takip edebilirsiniz. B\u00f6ylece hukuki i\u015flemlerinizde zaman kayb\u0131 ya\u015famadan h\u0131zl\u0131 ve g\u00fcvenilir bir terc\u00fcme hizmeti alm\u0131\u015f olursunuz.<\/p><p data-start=\"1517\" data-end=\"1672\"><strong data-start=\"1517\" data-end=\"1672\">KLC Translation Services olarak amac\u0131m\u0131z, sizi hukuki s\u00fcre\u00e7lerde do\u011fru temsil edecek, hatas\u0131z ve profesyonel terc\u00fcmelerle her zaman yan\u0131n\u0131zda olmakt\u0131r.<\/strong><\/p>\t\t\t\t\t\t\t\t<\/div>\n\t\t\t\t\t<\/div>\n\t\t<\/div>\n\t\t\t\t\t<\/div>\n\t\t<\/section>\n\t\t\t\t<\/div>\n\t\t","protected":false},"excerpt":{"rendered":"<p>\/\/ H\u0130ZMETLER\u0130M\u0130Z Hukuki Terc\u00fcme KLC Translation Services olarak, hukuki belgelerin y\u00fcksek hassasiyet gerektirdi\u011finin bilinciyle hukuki terc\u00fcme hizmetini uzman ve deneyimli hukuk \u00e7evirmenlerimizle sunuyoruz. Bursa merkezli firmam\u0131z, T\u00fcrkiye\u2019nin her yerine \u00e7evrimi\u00e7i ve fiziki teslim se\u00e7enekleriyle h\u0131zl\u0131, g\u00fcvenilir ve profesyonel terc\u00fcme deste\u011fi sa\u011flamaktad\u0131r. Hukuki terc\u00fcme, terminolojinin en do\u011fru \u015fekilde uygulanmas\u0131 ve belgenin resm\u00ee b\u00fct\u00fcnl\u00fc\u011f\u00fcn\u00fcn korunmas\u0131 gereken \u00f6zel [&hellip;]<\/p>\n","protected":false},"author":1,"featured_media":0,"parent":0,"menu_order":0,"comment_status":"closed","ping_status":"closed","template":"","meta":{"footnotes":""},"class_list":["post-5247","page","type-page","status-publish","hentry"],"_links":{"self":[{"href":"https:\/\/yeminliceviri.tr\/index.php\/wp-json\/wp\/v2\/pages\/5247","targetHints":{"allow":["GET"]}}],"collection":[{"href":"https:\/\/yeminliceviri.tr\/index.php\/wp-json\/wp\/v2\/pages"}],"about":[{"href":"https:\/\/yeminliceviri.tr\/index.php\/wp-json\/wp\/v2\/types\/page"}],"author":[{"embeddable":true,"href":"https:\/\/yeminliceviri.tr\/index.php\/wp-json\/wp\/v2\/users\/1"}],"replies":[{"embeddable":true,"href":"https:\/\/yeminliceviri.tr\/index.php\/wp-json\/wp\/v2\/comments?post=5247"}],"version-history":[{"count":4,"href":"https:\/\/yeminliceviri.tr\/index.php\/wp-json\/wp\/v2\/pages\/5247\/revisions"}],"predecessor-version":[{"id":5259,"href":"https:\/\/yeminliceviri.tr\/index.php\/wp-json\/wp\/v2\/pages\/5247\/revisions\/5259"}],"wp:attachment":[{"href":"https:\/\/yeminliceviri.tr\/index.php\/wp-json\/wp\/v2\/media?parent=5247"}],"curies":[{"name":"wp","href":"https:\/\/api.w.org\/{rel}","templated":true}]}}