{"id":5249,"date":"2025-12-10T00:56:44","date_gmt":"2025-12-09T21:56:44","guid":{"rendered":"https:\/\/yeminliceviri.tr\/?page_id=5249"},"modified":"2025-12-10T00:59:41","modified_gmt":"2025-12-09T21:59:41","slug":"noter-onayli-tercume","status":"publish","type":"page","link":"https:\/\/yeminliceviri.tr\/index.php\/noter-onayli-tercume\/","title":{"rendered":"Noter Onayl\u0131 Terc\u00fcme"},"content":{"rendered":"\t\t<div data-elementor-type=\"wp-page\" data-elementor-id=\"5249\" class=\"elementor elementor-5249\">\n\t\t\t\t\t\t<section class=\"elementor-section elementor-top-section elementor-element elementor-element-6440edc0 ot-traditional elementor-section-boxed elementor-section-height-default elementor-section-height-default\" data-id=\"6440edc0\" data-element_type=\"section\">\n\t\t\t\t\t\t<div class=\"elementor-container elementor-column-gap-no\">\n\t\t\t\t\t<div class=\"elementor-column elementor-col-100 elementor-top-column elementor-element elementor-element-5c3ff37d ot-flex-column-vertical\" data-id=\"5c3ff37d\" data-element_type=\"column\">\n\t\t\t<div class=\"elementor-widget-wrap elementor-element-populated\">\n\t\t\t\t\t\t<div class=\"elementor-element elementor-element-4e86bef elementor-widget elementor-widget-iheading\" data-id=\"4e86bef\" data-element_type=\"widget\" data-widget_type=\"iheading.default\">\n\t\t\t\t<div class=\"elementor-widget-container\">\n\t\t\t\t\t\t\t<div class=\"ot-heading\">\r\n\t        \t            <span>\/\/ H\u0130ZMETLER\u0130M\u0130Z<\/span>\r\n\t        <h2 class=\"main-heading\">Noter Onayl\u0131 Terc\u00fcme<\/h2>\t    <\/div>\r\n\t    \t\t\t\t<\/div>\n\t\t\t\t<\/div>\n\t\t\t\t<div class=\"elementor-element elementor-element-5001373a elementor-widget elementor-widget-text-editor\" data-id=\"5001373a\" data-element_type=\"widget\" data-widget_type=\"text-editor.default\">\n\t\t\t\t\t\t\t\t\t<p data-start=\"257\" data-end=\"598\">KLC Translation Services olarak, resmi kurumlarda ge\u00e7erlili\u011fi bulunan <strong data-start=\"327\" data-end=\"351\">noter onayl\u0131 terc\u00fcme<\/strong> hizmetini uzman terc\u00fcman ekibimizle profesyonel \u015fekilde sunuyoruz. Bursa\u2019daki merkez ofisimizden y\u00fcr\u00fctt\u00fc\u011f\u00fcm\u00fcz operasyonlar\u0131m\u0131z, dijital teslimat altyap\u0131m\u0131z sayesinde T\u00fcrkiye\u2019nin t\u00fcm \u015fehirlerine h\u0131zl\u0131, g\u00fcvenilir ve eksiksiz \u015fekilde ula\u015fmaktad\u0131r.<\/p><p data-start=\"600\" data-end=\"995\">Noter onayl\u0131 terc\u00fcme; \u00e7evrilen bir belgenin do\u011frulu\u011funun noter taraf\u0131ndan tasdik edilmesini gerektiren resmi bir s\u00fcre\u00e7tir. Bu nedenle belgeleriniz \u00f6nce alan\u0131nda uzman terc\u00fcmanlar\u0131m\u0131z taraf\u0131ndan do\u011fru terminoloji ve resm\u00ee formatla \u00e7evrilir, ard\u0131ndan ilgili noterlikte onay i\u015flemi titizlikle tamamlan\u0131r. B\u00f6ylece belgeniz hem T\u00fcrkiye\u2019de hem de uluslararas\u0131 kurumlarda ge\u00e7erli bir nitelik kazan\u0131r.<\/p><p data-start=\"997\" data-end=\"1243\">Diploma, n\u00fcfus kay\u0131t \u00f6rne\u011fi, evlilik belgesi, vekaletname, \u015firket evraklar\u0131, s\u00f6zle\u015fmeler, mahkeme dok\u00fcmanlar\u0131 ve daha bir\u00e7ok resm\u00ee belge i\u00e7in noter onayl\u0131 terc\u00fcme hizmeti sa\u011flayan firmam\u0131z, her a\u015famada h\u0131zl\u0131 ve mevzuata uygun bir s\u00fcre\u00e7 y\u00f6netir.<\/p><p data-start=\"1245\" data-end=\"1548\">T\u00fcrkiye\u2019nin neresinde olursan\u0131z olun; belgelerinizi bize online olarak iletebilir, \u00e7eviri ve noter onay s\u00fcre\u00e7lerinin tamamlanmas\u0131n\u0131n ard\u0131ndan kargo ile g\u00fcvenli teslimat alabilirsiniz. B\u00f6ylece bulundu\u011funuz \u015fehirden ba\u011f\u0131ms\u0131z olarak t\u00fcm resmi i\u015flemlerinizi sorunsuz \u015fekilde tamamlaman\u0131za yard\u0131mc\u0131 oluruz.<\/p><p data-start=\"1550\" data-end=\"1758\"><strong data-start=\"1550\" data-end=\"1758\">KLC Translation Services olarak hedefimiz; resmi belgelerinizin tam do\u011frulukla haz\u0131rlanmas\u0131n\u0131 sa\u011flamak, noter s\u00fcre\u00e7lerini en h\u0131zl\u0131 \u015fekilde y\u00f6netmek ve sizi her zaman g\u00fcvenilir terc\u00fcme ile temsil etmektir.<\/strong><\/p>\t\t\t\t\t\t\t\t<\/div>\n\t\t\t\t\t<\/div>\n\t\t<\/div>\n\t\t\t\t\t<\/div>\n\t\t<\/section>\n\t\t\t\t<\/div>\n\t\t","protected":false},"excerpt":{"rendered":"<p>\/\/ H\u0130ZMETLER\u0130M\u0130Z Noter Onayl\u0131 Terc\u00fcme KLC Translation Services olarak, resmi kurumlarda ge\u00e7erlili\u011fi bulunan noter onayl\u0131 terc\u00fcme hizmetini uzman terc\u00fcman ekibimizle profesyonel \u015fekilde sunuyoruz. Bursa\u2019daki merkez ofisimizden y\u00fcr\u00fctt\u00fc\u011f\u00fcm\u00fcz operasyonlar\u0131m\u0131z, dijital teslimat altyap\u0131m\u0131z sayesinde T\u00fcrkiye\u2019nin t\u00fcm \u015fehirlerine h\u0131zl\u0131, g\u00fcvenilir ve eksiksiz \u015fekilde ula\u015fmaktad\u0131r. Noter onayl\u0131 terc\u00fcme; \u00e7evrilen bir belgenin do\u011frulu\u011funun noter taraf\u0131ndan tasdik edilmesini gerektiren resmi bir [&hellip;]<\/p>\n","protected":false},"author":1,"featured_media":0,"parent":0,"menu_order":0,"comment_status":"closed","ping_status":"closed","template":"","meta":{"footnotes":""},"class_list":["post-5249","page","type-page","status-publish","hentry"],"_links":{"self":[{"href":"https:\/\/yeminliceviri.tr\/index.php\/wp-json\/wp\/v2\/pages\/5249","targetHints":{"allow":["GET"]}}],"collection":[{"href":"https:\/\/yeminliceviri.tr\/index.php\/wp-json\/wp\/v2\/pages"}],"about":[{"href":"https:\/\/yeminliceviri.tr\/index.php\/wp-json\/wp\/v2\/types\/page"}],"author":[{"embeddable":true,"href":"https:\/\/yeminliceviri.tr\/index.php\/wp-json\/wp\/v2\/users\/1"}],"replies":[{"embeddable":true,"href":"https:\/\/yeminliceviri.tr\/index.php\/wp-json\/wp\/v2\/comments?post=5249"}],"version-history":[{"count":4,"href":"https:\/\/yeminliceviri.tr\/index.php\/wp-json\/wp\/v2\/pages\/5249\/revisions"}],"predecessor-version":[{"id":5254,"href":"https:\/\/yeminliceviri.tr\/index.php\/wp-json\/wp\/v2\/pages\/5249\/revisions\/5254"}],"wp:attachment":[{"href":"https:\/\/yeminliceviri.tr\/index.php\/wp-json\/wp\/v2\/media?parent=5249"}],"curies":[{"name":"wp","href":"https:\/\/api.w.org\/{rel}","templated":true}]}}